{"id":12705,"date":"2019-04-05T09:26:24","date_gmt":"2019-04-05T09:26:24","guid":{"rendered":"https:\/\/transferingeneva.com\/contact\/"},"modified":"2024-08-11T06:45:38","modified_gmt":"2024-08-11T06:45:38","slug":"contact","status":"publish","type":"page","link":"https:\/\/transferingeneva.com\/fr\/contact\/","title":{"rendered":"Contact"},"content":{"rendered":"<section class=\"wpb-content-wrapper\"><p>[vc_row el_class=\u00a0\u00bbtheme-section-padding\u00a0\u00bb css=\u00a0\u00bb.vc_custom_1723358699995{margin-top: -100px !important;}\u00a0\u00bb][vc_column el_class=\u00a0\u00bbtheme-column-style-2 theme-margin-bottom-0&Prime;]\r\n            <p class=\"theme-component-paragraph-large theme-component-paragraph-large-style-2 aligncenter theme-margin-bottom-60\">\r\n                Chauffeur priv\u00e9, visite touristique ?<br \/>\nVeuillez remplir le formulaire ci-dessous pour toute question ou demande de v\u00e9hicule.\r\n            <\/p>\r\n        [vc_row][vc_column el_class=\"theme-margin-bottom-0\"]\n<div class=\"wpcf7 no-js\" id=\"wpcf7-f12752-o1\" lang=\"fr-FR\" dir=\"ltr\">\n<div class=\"screen-reader-response\"><p role=\"status\" aria-live=\"polite\" aria-atomic=\"true\"><\/p> <ul><\/ul><\/div>\n<form action=\"\/fr\/wp-json\/wp\/v2\/pages\/12705#wpcf7-f12752-o1\" method=\"post\" class=\"wpcf7-form init\" aria-label=\"Formulaire de contact\" novalidate=\"novalidate\" data-status=\"init\">\n<div style=\"display: none;\">\n<input type=\"hidden\" name=\"_wpcf7\" value=\"12752\" \/>\n<input type=\"hidden\" name=\"_wpcf7_version\" value=\"5.8.5\" \/>\n<input type=\"hidden\" name=\"_wpcf7_locale\" value=\"fr_FR\" \/>\n<input type=\"hidden\" name=\"_wpcf7_unit_tag\" value=\"wpcf7-f12752-o1\" \/>\n<input type=\"hidden\" name=\"_wpcf7_container_post\" value=\"0\" \/>\n<input type=\"hidden\" name=\"_wpcf7_posted_data_hash\" value=\"\" \/>\n<input type=\"hidden\" name=\"_wpcf7_recaptcha_response\" value=\"\" \/>\n<\/div>\n<div class=\"theme-component-contact-form\">\n\t<div class=\"theme-form-column-1_2-right\">\n\t\t<div class=\"theme-form-field\">\n\t\t\t<p><label>Message <span class=\"wpcf7-form-control-wrap\" data-name=\"message\"><textarea cols=\"40\" rows=\"10\" class=\"wpcf7-form-control wpcf7-textarea wpcf7-validates-as-required\" aria-required=\"true\" aria-invalid=\"false\" name=\"message\"><\/textarea><\/span><br \/>\n<\/label>\n\t\t\t<\/p>\n\t\t<\/div>\n\t<\/div>\n\t<div class=\"theme-form-column-1_2-left\">\n\t\t<div class=\"theme-form-field\">\n\t\t\t<p><label>Votre nom <span class=\"wpcf7-form-control-wrap\" data-name=\"your-name\"><input size=\"40\" class=\"wpcf7-form-control wpcf7-text wpcf7-validates-as-required\" aria-required=\"true\" aria-invalid=\"false\" value=\"\" type=\"text\" name=\"your-name\" \/><\/span><br \/>\n<\/label>\n\t\t\t<\/p>\n\t\t<\/div>\n\t<\/div>\n\t<div class=\"theme-form-column-1_2-left\">\n\t\t<div class=\"theme-form-field\">\n\t\t\t<p><label>Adresse \u00e9lectronique * <span class=\"wpcf7-form-control-wrap\" data-name=\"email-address\"><input size=\"40\" class=\"wpcf7-form-control wpcf7-email wpcf7-validates-as-required wpcf7-text wpcf7-validates-as-email\" aria-required=\"true\" aria-invalid=\"false\" value=\"\" type=\"email\" name=\"email-address\" \/><\/span><br \/>\n<\/label>\n\t\t\t<\/p>\n\t\t<\/div>\n\t<\/div>\n\t<div class=\"theme-form-column-1_2-left\">\n\t\t<div class=\"theme-form-field\">\n\t\t\t<p><label>Num\u00e9ro de t\u00e9l\u00e9phone <span class=\"wpcf7-form-control-wrap\" data-name=\"phone-number\"><input size=\"40\" class=\"wpcf7-form-control wpcf7-text\" aria-invalid=\"false\" value=\"\" type=\"text\" name=\"phone-number\" \/><\/span><br \/>\n<\/label>\n\t\t\t<\/p>\n\t\t<\/div>\n\t<\/div>\n\t<div class=\"theme-form-column-1_1\">\n\t\t<p><input class=\"wpcf7-form-control wpcf7-submit has-spinner\" type=\"submit\" value=\"Send Form\" \/>\n\t\t<\/p>\n\t<\/div>\n<\/div><div class=\"wpcf7-response-output\" aria-hidden=\"true\"><\/div>\n<\/form>\n<\/div>\n[\/vc_column][\/vc_row][\/vc_column][\/vc_row]<\/p>\n<\/section>","protected":false},"excerpt":{"rendered":"<p>[vc_row el_class=\u00a0\u00bbtheme-section-padding\u00a0\u00bb css=\u00a0\u00bb.vc_custom_1723358699995{margin-top: -100px !important;}\u00a0\u00bb][vc_column el_class=\u00a0\u00bbtheme-column-style-2 theme-margin-bottom-0&Prime;][\/vc_column][\/vc_row]<\/p>\n","protected":false},"author":1,"featured_media":0,"parent":0,"menu_order":4,"comment_status":"closed","ping_status":"closed","template":"","meta":{"_joinchat":[],"footnotes":""},"class_list":["post-12705","page","type-page","status-publish","hentry"],"_links":{"self":[{"href":"https:\/\/transferingeneva.com\/fr\/wp-json\/wp\/v2\/pages\/12705","targetHints":{"allow":["GET"]}}],"collection":[{"href":"https:\/\/transferingeneva.com\/fr\/wp-json\/wp\/v2\/pages"}],"about":[{"href":"https:\/\/transferingeneva.com\/fr\/wp-json\/wp\/v2\/types\/page"}],"author":[{"embeddable":true,"href":"https:\/\/transferingeneva.com\/fr\/wp-json\/wp\/v2\/users\/1"}],"replies":[{"embeddable":true,"href":"https:\/\/transferingeneva.com\/fr\/wp-json\/wp\/v2\/comments?post=12705"}],"version-history":[{"count":8,"href":"https:\/\/transferingeneva.com\/fr\/wp-json\/wp\/v2\/pages\/12705\/revisions"}],"predecessor-version":[{"id":13503,"href":"https:\/\/transferingeneva.com\/fr\/wp-json\/wp\/v2\/pages\/12705\/revisions\/13503"}],"wp:attachment":[{"href":"https:\/\/transferingeneva.com\/fr\/wp-json\/wp\/v2\/media?parent=12705"}],"curies":[{"name":"wp","href":"https:\/\/api.w.org\/{rel}","templated":true}]}}