{"id":12729,"date":"2024-01-01T09:54:28","date_gmt":"2024-01-01T09:54:28","guid":{"rendered":"https:\/\/transferingeneva.com\/transfert-de-laeroport\/"},"modified":"2024-08-11T06:15:06","modified_gmt":"2024-08-11T06:15:06","slug":"transfert-de-laeroport","status":"publish","type":"page","link":"https:\/\/transferingeneva.com\/fr\/transfert-de-laeroport\/","title":{"rendered":"Transfert de l&rsquo;a\u00e9roport"},"content":{"rendered":"<section class=\"wpb-content-wrapper\"><p>[vc_row full_width=\u00a0\u00bbstretch_row\u00a0\u00bb el_class=\u00a0\u00bbwhat-we-do-page-main\u00a0\u00bb][vc_column]\r\n            <div class=\"theme-component-header-subheader aligncenter\">\r\n                <div class=\"theme-component-header-subheader-subheader\">COMMENT R\u00c9SERVER VOTRE TRAJET<\/div>\r\n                <h2 class=\"theme-component-header-subheader-header\">R\u00e9servez en trois \u00e9tapes simples<\/h2>\r\n            <\/div>\r\n        \n            <div class=\"theme-component-feature-image-list\">\n                [vc_row_inner][vc_column_inner width=\u00a0\u00bb1\/3&Prime;][vc_single_image image=\u00a0\u00bb13247&Prime; img_size=\u00a0\u00bbfull\u00a0\u00bb alignment=\u00a0\u00bbcenter\u00a0\u00bb][vc_custom_heading text=\u00a0\u00bb\u00c9tape 1 : Remplissez le formulaire\u00a0\u00bb font_container=\u00a0\u00bbtag:h4|text_align:center|color:%23ff1111&Prime; use_theme_fonts=\u00a0\u00bbyes\u00a0\u00bb][vc_column_text css=\u00a0\u00bb.vc_custom_1723347052183{margin-right: 25px !important;margin-left: 25px !important;}\u00a0\u00bb]<\/p>\n<p style=\"text-align: center;\">Indiquez votre destination, la date et l&rsquo;heure de votre trajet, puis choisissez le v\u00e9hicule qui vous convient.<\/p>\n<p>[\/vc_column_text][\/vc_column_inner][vc_column_inner width=\u00a0\u00bb1\/3&Prime;][vc_single_image image=\u00a0\u00bb13270&Prime; img_size=\u00a0\u00bbfull\u00a0\u00bb alignment=\u00a0\u00bbcenter\u00a0\u00bb][vc_custom_heading text=\u00a0\u00bb\u00c9tape 2 : Confirmez votre r\u00e9servation\u00a0\u00bb font_container=\u00a0\u00bbtag:h4|text_align:center|color:%23ff3a3a\u00a0\u00bb use_theme_fonts=\u00a0\u00bbyes\u00a0\u00bb][vc_column_text css=\u00a0\u00bb.vc_custom_1723346967478{margin-right: 25px !important;margin-left: 25px !important;}\u00a0\u00bb]<\/p>\n<p style=\"text-align: center;\">Apr\u00e8s avoir soumis le formulaire, vous recevrez une confirmation instantan\u00e9e avec tous les d\u00e9tails de votre r\u00e9servation.<\/p>\n<p>[\/vc_column_text][\/vc_column_inner][vc_column_inner width=\u00a0\u00bb1\/3&Prime;][vc_single_image image=\u00a0\u00bb13268&Prime; img_size=\u00a0\u00bbfull\u00a0\u00bb alignment=\u00a0\u00bbcenter\u00a0\u00bb][vc_custom_heading text=\u00a0\u00bbProfitez de votre trajet\u00a0\u00bb font_container=\u00a0\u00bbtag:h4|text_align:center|color:%23ff3a3a\u00a0\u00bb use_theme_fonts=\u00a0\u00bbyes\u00a0\u00bb][vc_column_text css=\u00a0\u00bb.vc_custom_1723346997720{margin-right: 25px !important;margin-left: 25px !important;}\u00a0\u00bb]<\/p>\n<p style=\"text-align: center;\">Le jour de votre r\u00e9servation, notre chauffeur viendra vous chercher \u00e0 l&rsquo;endroit d\u00e9sign\u00e9, pr\u00eat \u00e0 vous conduire.<\/p>\n<p>[\/vc_column_text][\/vc_column_inner][\/vc_row_inner][vc_row_inner][vc_column_inner][mvc_advanced_button align=\u00a0\u00bbcenter\u00a0\u00bb btn_text=\u00a0\u00bbR\u00e9servez Maintenant\u00a0\u00bb border_style=\u00a0\u00bbsolid\u00a0\u00bb border_width=\u00a0\u00bb3&Prime; btn_icon=\u00a0\u00bbfas fa-car\u00a0\u00bb btn_url=\u00a0\u00bburl:https%3A%2F%2Ftransferingeneva.com%2Ffr%2Freservation%2F\u00a0\u00bb btn_clr=\u00a0\u00bb#ffffff\u00a0\u00bb btn_bg=\u00a0\u00bb#ff2b2b\u00a0\u00bb btn_hvrclr=\u00a0\u00bb#5b5b5b\u00a0\u00bb btn_hvrbg=\u00a0\u00bb#ffffff\u00a0\u00bb btn_border=\u00a0\u00bb#ff3838&Prime; btn_radius=\u00a0\u00bb10&Prime;][\/vc_column_inner][\/vc_row_inner]\n            <\/div>\n        [\/vc_column][\/vc_row][vc_row full_width=\u00a0\u00bbstretch_row_content_no_spaces\u00a0\u00bb equal_height=\u00a0\u00bbyes\u00a0\u00bb][vc_column width=\u00a0\u00bb1\/2&Prime; css=\u00a0\u00bb.vc_custom_1703868399635{background-image: url(https:\/\/transferingeneva.com\/wp-content\/uploads\/2023\/12\/airport-transfer-image2.jpg?id=12239) !important;}\u00a0\u00bb][\/vc_column][vc_column width=\u00a0\u00bb1\/2&Prime; el_class=\u00a0\u00bbtheme-column-style-1 theme-background-color-12&Prime;][vc_custom_heading text=\u00a0\u00bbTransferts A\u00e9roport Premium : Confort et Commodit\u00e9 Exceptionnels\u00a0\u00bb font_container=\u00a0\u00bbtag:h3|text_align:center\u00a0\u00bb use_theme_fonts=\u00a0\u00bbyes\u00a0\u00bb][vc_column_text]<\/p>\n<p style=\"text-align: center;\">Bienvenue dans nos services de transfert a\u00e9roport, o\u00f9 la commodit\u00e9, le luxe et la tranquillit\u00e9 d&rsquo;esprit sont au premier plan de chaque voyage. Notre engagement envers l&rsquo;excellence se refl\u00e8te dans les avantages uniques que nous offrons pour am\u00e9liorer votre exp\u00e9rience de voyage :<\/p>\n<p>[\/vc_column_text][vc_row_inner][vc_column_inner width=\u00a0\u00bb1\/2&Prime;]<div class=\"theme-component-list theme-component-list-style-2 theme-margin-top-40\">\n<ul>\n<li>D\u00e9pose incluse dans toutes les villes que vous choisissez<\/li>\n<li>Service de transport complet 24h\/24, 7j\/7<\/li>\n<li>Annulation gratuite jusqu&rsquo;\u00e0 24h avant<\/li>\n<\/ul>\n<\/div>[\/vc_column_inner][vc_column_inner width=\u00a0\u00bb1\/2&Prime;]<div class=\"theme-component-list theme-component-list-style-2 theme-margin-top-40\">\n<ul>\n<li>Tarifs avantageux<\/li>\n<li>Service \u00e0 l&rsquo;\u00e9chelle europ\u00e9enne<\/li>\n<li>Temps d&rsquo;attente gratuit de 60 minutes<\/li>\n<\/ul>\n<\/div>[\/vc_column_inner][\/vc_row_inner][\/vc_column][\/vc_row][vc_row el_class=\u00a0\u00bbtheme-margin-bottom-40&Prime;][vc_column]\n            <div class=\"theme-component-blockquote theme-component-blockquote-style-1 note-chairman-airport\">\n                <span class=\"theme-icon-meta-quote\"><\/span>\n                <blockquote>Je suis fier de vous pr\u00e9senter notre Service de Transfert A\u00e9roport. Nous nous concentrons sur le luxe, la ponctualit\u00e9 et votre confort. Faites-nous confiance pour une exp\u00e9rience de voyage sup\u00e9rieure.<\/blockquote>\n                <div>HICHAM BENLAHCENE - PR\u00c9SIDENT-DIRECTEUR G\u00c9N\u00c9RAL<\/div>\n            <\/div>\n        [\/vc_column][\/vc_row][vc_row full_width=\u00a0\u00bbstretch_row\u00a0\u00bb el_class=\u00a0\u00bbwhat-we-do-page-main\u00a0\u00bb css=\u00a0\u00bb.vc_custom_1723356869283{margin-top: 100px !important;}\u00a0\u00bb][vc_column]\r\n            <div class=\"theme-component-header-subheader aligncenter\">\r\n                <div class=\"theme-component-header-subheader-subheader\">A\u00c9ROPORT DE GEN\u00c8VE VERS VOTRE DESTINATION<\/div>\r\n                <h2 class=\"theme-component-header-subheader-header\">Transferts simplifi\u00e9s depuis l'a\u00e9roport<\/h2>\r\n            <\/div>\r\n        \n            <div class=\"theme-component-feature-image-list\">\n                [vc_row_inner][vc_column_inner width=\u00a0\u00bb1\/3&Prime;][vc_single_image image=\u00a0\u00bb12276&Prime; img_size=\u00a0\u00bbfull\u00a0\u00bb alignment=\u00a0\u00bbcenter\u00a0\u00bb][vc_custom_heading text=\u00a0\u00bbGen\u00e8ve A\u00e9roport\u2192 Lausanne\u00a0\u00bb font_container=\u00a0\u00bbtag:h4|text_align:left|color:%23ff3a3a\u00a0\u00bb use_theme_fonts=\u00a0\u00bbyes\u00a0\u00bb][vc_column_text]62.5km | 0h 48m | \u00c0 partir de 217 CHF[\/vc_column_text][\/vc_column_inner][vc_column_inner width=\u00a0\u00bb1\/3&Prime;][vc_single_image image=\u00a0\u00bb12275&Prime; img_size=\u00a0\u00bbfull\u00a0\u00bb alignment=\u00a0\u00bbcenter\u00a0\u00bb][vc_custom_heading text=\u00a0\u00bbGen\u00e8ve A\u00e9roport \u2192 Zurich\u00a0\u00bb font_container=\u00a0\u00bbtag:h4|text_align:left|color:%23ff3a3a\u00a0\u00bb use_theme_fonts=\u00a0\u00bbyes\u00a0\u00bb][vc_column_text]275km | 3h 03m | \u00c0 partir de 856 CHF[\/vc_column_text][\/vc_column_inner][vc_column_inner width=\u00a0\u00bb1\/3&Prime;][vc_single_image image=\u00a0\u00bb12278&Prime; img_size=\u00a0\u00bbfull\u00a0\u00bb alignment=\u00a0\u00bbcenter\u00a0\u00bb][vc_custom_heading text=\u00a0\u00bbGen\u00e8ve A\u00e9roport \u2192 Lyon\u00a0\u00bb font_container=\u00a0\u00bbtag:h4|text_align:left|color:%23ff3a3a\u00a0\u00bb use_theme_fonts=\u00a0\u00bbyes\u00a0\u00bb][vc_column_text]156km | 1h 48m | \u00c0 partir de 498 CHF[\/vc_column_text][\/vc_column_inner][\/vc_row_inner][vc_row_inner][vc_column_inner width=\u00a0\u00bb1\/3&Prime;][vc_single_image image=\u00a0\u00bb12280&Prime; img_size=\u00a0\u00bbfull\u00a0\u00bb alignment=\u00a0\u00bbcenter\u00a0\u00bb][vc_custom_heading text=\u00a0\u00bbGen\u00e8ve A\u00e9roport \u2192 Milan A\u00e9roport\u00a0\u00bb font_container=\u00a0\u00bbtag:h4|text_align:left|color:%23ff3a3a\u00a0\u00bb use_theme_fonts=\u00a0\u00bbyes\u00a0\u00bb][vc_column_text]337km | 3h 52m | \u00c0 partir de 1041 CHF[\/vc_column_text][\/vc_column_inner][vc_column_inner width=\u00a0\u00bb1\/3&Prime;][vc_single_image image=\u00a0\u00bb12271&Prime; img_size=\u00a0\u00bbfull\u00a0\u00bb alignment=\u00a0\u00bbcenter\u00a0\u00bb][vc_custom_heading text=\u00a0\u00bbGen\u00e8ve A\u00e9roport \u2192 T\u00e4sch\u00a0\u00bb font_container=\u00a0\u00bbtag:h4|text_align:left|color:%23ff3a3a\u00a0\u00bb use_theme_fonts=\u00a0\u00bbyes\u00a0\u00bb][vc_column_text]230km | 2h 44m | \u00c0 partir de 722 CHF[\/vc_column_text][\/vc_column_inner][vc_column_inner width=\u00a0\u00bb1\/3&Prime;][vc_single_image image=\u00a0\u00bb12259&Prime; img_size=\u00a0\u00bbfull\u00a0\u00bb alignment=\u00a0\u00bbcenter\u00a0\u00bb][vc_custom_heading text=\u00a0\u00bbGen\u00e8ve A\u00e9roport \u2192 Val-thorens\u00a0\u00bb font_container=\u00a0\u00bbtag:h4|text_align:left|color:%23ff3a3a\u00a0\u00bb use_theme_fonts=\u00a0\u00bbyes\u00a0\u00bb][vc_column_text]204km | 2h 33m | \u00c0 partir de 510 CHF[\/vc_column_text][\/vc_column_inner][\/vc_row_inner][vc_row_inner][vc_column_inner width=\u00a0\u00bb1\/3&Prime;][vc_single_image image=\u00a0\u00bb12248&Prime; img_size=\u00a0\u00bbfull\u00a0\u00bb alignment=\u00a0\u00bbcenter\u00a0\u00bb][vc_custom_heading text=\u00a0\u00bbGen\u00e8ve A\u00e9roport \u2192 Megeve\u00a0\u00bb font_container=\u00a0\u00bbtag:h4|text_align:left|color:%23ff3a3a\u00a0\u00bb use_theme_fonts=\u00a0\u00bbyes\u00a0\u00bb][vc_column_text]91km | 1h15m | \u00c0 partir de 305 CHF[\/vc_column_text][\/vc_column_inner][vc_column_inner width=\u00a0\u00bb1\/3&Prime;][vc_single_image image=\u00a0\u00bb12257&Prime; img_size=\u00a0\u00bbfull\u00a0\u00bb alignment=\u00a0\u00bbcenter\u00a0\u00bb][vc_custom_heading text=\u00a0\u00bbGen\u00e8ve A\u00e9roport \u2192 Meribel\u00a0\u00bb font_container=\u00a0\u00bbtag:h4|text_align:left|color:%23ff3a3a\u00a0\u00bb use_theme_fonts=\u00a0\u00bbyes\u00a0\u00bb][vc_column_text]190km | 2h17m | \u00c0 partir de 451 CHF[\/vc_column_text][\/vc_column_inner][vc_column_inner width=\u00a0\u00bb1\/3&Prime;][vc_single_image image=\u00a0\u00bb12256&Prime; img_size=\u00a0\u00bbfull\u00a0\u00bb alignment=\u00a0\u00bbcenter\u00a0\u00bb][vc_custom_heading text=\u00a0\u00bbGen\u00e8ve A\u00e9roport \u2192 Courchevel\u00a0\u00bb font_container=\u00a0\u00bbtag:h4|text_align:left|color:%23ff3a3a\u00a0\u00bb use_theme_fonts=\u00a0\u00bbyes\u00a0\u00bb][vc_column_text]184km | 2h07m | \u00c0 partir de 447 CHF[\/vc_column_text][\/vc_column_inner][\/vc_row_inner][vc_row_inner][vc_column_inner width=\u00a0\u00bb1\/3&Prime;][vc_single_image image=\u00a0\u00bb12258&Prime; img_size=\u00a0\u00bbfull\u00a0\u00bb alignment=\u00a0\u00bbcenter\u00a0\u00bb][vc_custom_heading text=\u00a0\u00bbGen\u00e8ve A\u00e9roport \u2192 Morzine\u00a0\u00bb font_container=\u00a0\u00bbtag:h4|text_align:left|color:%23ff3a3a\u00a0\u00bb use_theme_fonts=\u00a0\u00bbyes\u00a0\u00bb][vc_column_text]83km | 1h 22m | \u00c0 partir de 281 CHF[\/vc_column_text][\/vc_column_inner][vc_column_inner width=\u00a0\u00bb1\/3&Prime;][vc_single_image image=\u00a0\u00bb12267&Prime; img_size=\u00a0\u00bbfull\u00a0\u00bb alignment=\u00a0\u00bbcenter\u00a0\u00bb][vc_custom_heading text=\u00a0\u00bbGen\u00e8ve A\u00e9roport \u2192 Val D&rsquo;is\u00e8re\u00a0\u00bb font_container=\u00a0\u00bbtag:h4|text_align:left|color:%23ff3a3a\u00a0\u00bb use_theme_fonts=\u00a0\u00bbyes\u00a0\u00bb][vc_column_text]227.9km | 2h 51m | \u00c0 partir de 578 CHF[\/vc_column_text][\/vc_column_inner][vc_column_inner width=\u00a0\u00bb1\/3&Prime;][vc_single_image image=\u00a0\u00bb12269&Prime; img_size=\u00a0\u00bbfull\u00a0\u00bb alignment=\u00a0\u00bbcenter\u00a0\u00bb][vc_custom_heading text=\u00a0\u00bbGen\u00e8ve A\u00e9roport \u2192 Verbier\u00a0\u00bb font_container=\u00a0\u00bbtag:h4|text_align:left|color:%23ff3a3a\u00a0\u00bb use_theme_fonts=\u00a0\u00bbyes\u00a0\u00bb][vc_column_text]161km | 1h 56m | \u00c0 partir de 514 CHF[\/vc_column_text][\/vc_column_inner][\/vc_row_inner][vc_row_inner][vc_column_inner width=\u00a0\u00bb1\/3&Prime;][vc_single_image image=\u00a0\u00bb12272&Prime; img_size=\u00a0\u00bbfull\u00a0\u00bb alignment=\u00a0\u00bbcenter\u00a0\u00bb][vc_custom_heading text=\u00a0\u00bbGen\u00e8ve A\u00e9roport \u2192 Crans-Montana\u00a0\u00bb font_container=\u00a0\u00bbtag:h4|text_align:left|color:%23ff3a3a\u00a0\u00bb use_theme_fonts=\u00a0\u00bbyes\u00a0\u00bb][vc_column_text]182km | 2h 05m | \u00c0 partir de 573 CHF[\/vc_column_text][\/vc_column_inner][vc_column_inner width=\u00a0\u00bb1\/3&Prime;][vc_single_image image=\u00a0\u00bb12282&Prime; img_size=\u00a0\u00bbfull\u00a0\u00bb alignment=\u00a0\u00bbcenter\u00a0\u00bb][vc_custom_heading text=\u00a0\u00bbGen\u00e8ve A\u00e9roport \u2192 Annecy\u00a0\u00bb font_container=\u00a0\u00bbtag:h4|text_align:left|color:%23ff3a3a\u00a0\u00bb use_theme_fonts=\u00a0\u00bbyes\u00a0\u00bb][vc_column_text]51km | 0h 42m | \u00c0 partir de 184 CHF[\/vc_column_text][\/vc_column_inner][vc_column_inner width=\u00a0\u00bb1\/3&Prime;][vc_single_image image=\u00a0\u00bb12284&Prime; img_size=\u00a0\u00bbfull\u00a0\u00bb alignment=\u00a0\u00bbcenter\u00a0\u00bb][vc_custom_heading text=\u00a0\u00bbGen\u00e8ve A\u00e9roport \u2192 Grenoble\u00a0\u00bb font_container=\u00a0\u00bbtag:h4|text_align:left|color:%23ff3a3a\u00a0\u00bb use_theme_fonts=\u00a0\u00bbyes\u00a0\u00bb][vc_column_text]150km | 1h 40m | \u00c0 partir de 480 CHF[\/vc_column_text][\/vc_column_inner][\/vc_row_inner][vc_row_inner][vc_column_inner][mvc_advanced_button align=\u00a0\u00bbcenter\u00a0\u00bb btn_text=\u00a0\u00bbR\u00e9servez Maintenant\u00a0\u00bb border_style=\u00a0\u00bbsolid\u00a0\u00bb border_width=\u00a0\u00bb3&Prime; use_theme_fonts=\u00a0\u00bbyes\u00a0\u00bb btn_icon=\u00a0\u00bbfas fa-search-location\u00a0\u00bb btn_url=\u00a0\u00bburl:https%3A%2F%2Ftransferingeneva.com%2Ffr%2Freservation%2F\u00a0\u00bb btn_clr=\u00a0\u00bb#ffffff\u00a0\u00bb btn_bg=\u00a0\u00bb#ff2b2b\u00a0\u00bb btn_hvrclr=\u00a0\u00bb#5b5b5b\u00a0\u00bb btn_hvrbg=\u00a0\u00bb#ffffff\u00a0\u00bb btn_border=\u00a0\u00bb#ff3838&Prime; btn_radius=\u00a0\u00bb10&Prime;][\/vc_column_inner][\/vc_row_inner]\n            <\/div>\n        [\/vc_column][\/vc_row][vc_row full_width=\u00a0\u00bbstretch_row\u00a0\u00bb el_class=\u00a0\u00bbtheme-column-style-2&Prime; css=\u00a0\u00bb.vc_custom_1723356734938{margin-top: -70px !important;}\u00a0\u00bb][vc_column el_class=\u00a0\u00bbtheme-margin-bottom-0&Prime;]\r\n            <div class=\"theme-component-header-subheader aligncenter\">\r\n                <div class=\"theme-component-header-subheader-subheader\">NOTRE FLOTTE<\/div>\r\n                <h2 class=\"theme-component-header-subheader-header\">Parcourez nos limousines<\/h2>\r\n            <\/div>\r\n        \t\t<div class=\"theme-vehicle-list theme-clear-fix\">\n\t\t\t\n\t\t\t<div class=\"chbs-main\">\n\t\t\t\t<div class=\"theme-vehicle-list-result theme-clear-fix\">\n[vc_row]\n\t\t\t\t\t[vc_column width=\"1\/3\"]\n\t\t\t\t\t\t<div class=\"theme-vehicle-list-item\">\n\t\t\t\t\n\t\t\t\t\t\t<div class=\"theme-vehicle-list-item-image\">\n\t\t\t\t\t\t\t<a href=\"https:\/\/transferingeneva.com\/fr\/car\/mercedes-benz-e-class\/\" title=\"View vehicle &quot;Mercedes Benz E Class&quot;.\">\n\t\t\t\t\t\t\t\t<span>\n\t\t\t\t\t\t\t\t\t<span class=\"theme-vehicle-list-item-category\">Business Class<\/span>\n\t\t\t\t\t\t\t\t\t<span class=\"theme-vehicle-list-item-title\">Mercedes Benz E Class<\/span>\n\t\t\t\t\t\t\t\t<\/span>\n\t\t\t\t\t\t\t\t<img loading=\"lazy\" decoding=\"async\" width=\"1876\" height=\"1251\" src=\"https:\/\/transferingeneva.com\/wp-content\/uploads\/2017\/11\/Mercedes-Class-E.jpg\" class=\"attachment-post-thumbnail size-post-thumbnail wp-post-image\" alt=\"\" srcset=\"https:\/\/transferingeneva.com\/wp-content\/uploads\/2017\/11\/Mercedes-Class-E.jpg 1876w, https:\/\/transferingeneva.com\/wp-content\/uploads\/2017\/11\/Mercedes-Class-E-300x200.jpg 300w, https:\/\/transferingeneva.com\/wp-content\/uploads\/2017\/11\/Mercedes-Class-E-1024x683.jpg 1024w, https:\/\/transferingeneva.com\/wp-content\/uploads\/2017\/11\/Mercedes-Class-E-768x512.jpg 768w, https:\/\/transferingeneva.com\/wp-content\/uploads\/2017\/11\/Mercedes-Class-E-1536x1024.jpg 1536w, https:\/\/transferingeneva.com\/wp-content\/uploads\/2017\/11\/Mercedes-Class-E-460x306.jpg 460w, https:\/\/transferingeneva.com\/wp-content\/uploads\/2017\/11\/Mercedes-Class-E-800x533.jpg 800w, https:\/\/transferingeneva.com\/wp-content\/uploads\/2017\/11\/Mercedes-Class-E-600x400.jpg 600w\" sizes=\"auto, (max-width: 1876px) 100vw, 1876px\">\n\t\t\t\t\t\t\t\t<span><\/span>\n\t\t\t\t\t\t\t<\/a>\n\t\t\t\t\t\t<\/div>\n\t\t\t\t\t\n\t\t\t\t\t\t<div class=\"theme-vehicle-list-item-meta\">\n\t\t\t\t\t\t\t<span class=\"theme-icon-meta-user\"><\/span>\n\t\t\t\t\t\t\t<span class=\"theme-circle\">4<\/span>\n\t\t\t\t\t\t\t<span class=\"theme-icon-meta-suitcase\"><\/span>\n\t\t\t\t\t\t\t<span class=\"theme-circle\">3<\/span>\n\t\t\t\t\t\t<\/div>\n\t\t\t\t\t\n\t\t\t\t\t\t<\/div>\n\t\t\t\t\t[\/vc_column]\n\t\t\t\t\n\t\t\t\t\t[vc_column width=\"1\/3\"]\n\t\t\t\t\t\t<div class=\"theme-vehicle-list-item\">\n\t\t\t\t\n\t\t\t\t\t\t<div class=\"theme-vehicle-list-item-image\">\n\t\t\t\t\t\t\t<a href=\"https:\/\/transferingeneva.com\/fr\/car\/mercedes-benz-s-class\/\" title=\"View vehicle &quot;Mercedes Benz S Class&quot;.\">\n\t\t\t\t\t\t\t\t<span>\n\t\t\t\t\t\t\t\t\t<span class=\"theme-vehicle-list-item-category\">S Class<\/span>\n\t\t\t\t\t\t\t\t\t<span class=\"theme-vehicle-list-item-title\">Mercedes Benz S Class<\/span>\n\t\t\t\t\t\t\t\t<\/span>\n\t\t\t\t\t\t\t\t<img loading=\"lazy\" decoding=\"async\" width=\"1876\" height=\"1251\" src=\"https:\/\/transferingeneva.com\/wp-content\/uploads\/2017\/11\/Mercedes-Benz-S-Class-01.jpg\" class=\"attachment-post-thumbnail size-post-thumbnail wp-post-image\" alt=\"\" srcset=\"https:\/\/transferingeneva.com\/wp-content\/uploads\/2017\/11\/Mercedes-Benz-S-Class-01.jpg 1876w, https:\/\/transferingeneva.com\/wp-content\/uploads\/2017\/11\/Mercedes-Benz-S-Class-01-300x200.jpg 300w, https:\/\/transferingeneva.com\/wp-content\/uploads\/2017\/11\/Mercedes-Benz-S-Class-01-1024x683.jpg 1024w, https:\/\/transferingeneva.com\/wp-content\/uploads\/2017\/11\/Mercedes-Benz-S-Class-01-768x512.jpg 768w, https:\/\/transferingeneva.com\/wp-content\/uploads\/2017\/11\/Mercedes-Benz-S-Class-01-1536x1024.jpg 1536w, https:\/\/transferingeneva.com\/wp-content\/uploads\/2017\/11\/Mercedes-Benz-S-Class-01-460x306.jpg 460w, https:\/\/transferingeneva.com\/wp-content\/uploads\/2017\/11\/Mercedes-Benz-S-Class-01-800x533.jpg 800w, https:\/\/transferingeneva.com\/wp-content\/uploads\/2017\/11\/Mercedes-Benz-S-Class-01-600x400.jpg 600w\" sizes=\"auto, (max-width: 1876px) 100vw, 1876px\">\n\t\t\t\t\t\t\t\t<span><\/span>\n\t\t\t\t\t\t\t<\/a>\n\t\t\t\t\t\t<\/div>\n\t\t\t\t\t\n\t\t\t\t\t\t<div class=\"theme-vehicle-list-item-meta\">\n\t\t\t\t\t\t\t<span class=\"theme-icon-meta-user\"><\/span>\n\t\t\t\t\t\t\t<span class=\"theme-circle\">3<\/span>\n\t\t\t\t\t\t\t<span class=\"theme-icon-meta-suitcase\"><\/span>\n\t\t\t\t\t\t\t<span class=\"theme-circle\">3<\/span>\n\t\t\t\t\t\t<\/div>\n\t\t\t\t\t\n\t\t\t\t\t\t<\/div>\n\t\t\t\t\t[\/vc_column]\n\t\t\t\t\n\t\t\t\t\t[vc_column width=\"1\/3\"]\n\t\t\t\t\t\t<div class=\"theme-vehicle-list-item\">\n\t\t\t\t\n\t\t\t\t\t\t<div class=\"theme-vehicle-list-item-image\">\n\t\t\t\t\t\t\t<a href=\"https:\/\/transferingeneva.com\/fr\/car\/peugeot-508\/\" title=\"View vehicle &quot;PEUGEOT 508 or equivalent&quot;.\">\n\t\t\t\t\t\t\t\t<span>\n\t\t\t\t\t\t\t\t\t<span class=\"theme-vehicle-list-item-category\">Standard<\/span>\n\t\t\t\t\t\t\t\t\t<span class=\"theme-vehicle-list-item-title\">PEUGEOT 508 or equivalent<\/span>\n\t\t\t\t\t\t\t\t<\/span>\n\t\t\t\t\t\t\t\t<img loading=\"lazy\" decoding=\"async\" width=\"1876\" height=\"1251\" src=\"https:\/\/transferingeneva.com\/wp-content\/uploads\/2017\/11\/peugoet-508-1.jpg\" class=\"attachment-post-thumbnail size-post-thumbnail wp-post-image\" alt=\"\" srcset=\"https:\/\/transferingeneva.com\/wp-content\/uploads\/2017\/11\/peugoet-508-1.jpg 1876w, https:\/\/transferingeneva.com\/wp-content\/uploads\/2017\/11\/peugoet-508-1-300x200.jpg 300w, https:\/\/transferingeneva.com\/wp-content\/uploads\/2017\/11\/peugoet-508-1-1024x683.jpg 1024w, https:\/\/transferingeneva.com\/wp-content\/uploads\/2017\/11\/peugoet-508-1-768x512.jpg 768w, https:\/\/transferingeneva.com\/wp-content\/uploads\/2017\/11\/peugoet-508-1-1536x1024.jpg 1536w, https:\/\/transferingeneva.com\/wp-content\/uploads\/2017\/11\/peugoet-508-1-460x306.jpg 460w, https:\/\/transferingeneva.com\/wp-content\/uploads\/2017\/11\/peugoet-508-1-800x533.jpg 800w, https:\/\/transferingeneva.com\/wp-content\/uploads\/2017\/11\/peugoet-508-1-600x400.jpg 600w\" sizes=\"auto, (max-width: 1876px) 100vw, 1876px\">\n\t\t\t\t\t\t\t\t<span><\/span>\n\t\t\t\t\t\t\t<\/a>\n\t\t\t\t\t\t<\/div>\n\t\t\t\t\t\n\t\t\t\t\t\t<div class=\"theme-vehicle-list-item-meta\">\n\t\t\t\t\t\t\t<span class=\"theme-icon-meta-user\"><\/span>\n\t\t\t\t\t\t\t<span class=\"theme-circle\">4<\/span>\n\t\t\t\t\t\t\t<span class=\"theme-icon-meta-suitcase\"><\/span>\n\t\t\t\t\t\t\t<span class=\"theme-circle\">3<\/span>\n\t\t\t\t\t\t<\/div>\n\t\t\t\t\t\n\t\t\t\t\t\t<\/div>\n\t\t\t\t\t[\/vc_column]\n\t\t\t\t[\/vc_row]\t\t\t\t<\/div>\n\t\t\t<\/div>\n\t\t<\/div>[mvc_advanced_button align=\u00a0\u00bbcenter\u00a0\u00bb btn_text=\u00a0\u00bbNotre Flotte\u00a0\u00bb border_style=\u00a0\u00bbsolid\u00a0\u00bb border_width=\u00a0\u00bb3&Prime; use_theme_fonts=\u00a0\u00bbyes\u00a0\u00bb btn_icon=\u00a0\u00bbfas fa-car\u00a0\u00bb btn_url=\u00a0\u00bburl:https%3A%2F%2Ftransferingeneva.com%2Ffr%2Fnotre-flotte%2F\u00a0\u00bb btn_clr=\u00a0\u00bb#ffffff\u00a0\u00bb btn_bg=\u00a0\u00bb#ff2b2b\u00a0\u00bb btn_hvrclr=\u00a0\u00bb#5b5b5b\u00a0\u00bb btn_hvrbg=\u00a0\u00bb#ffffff\u00a0\u00bb btn_border=\u00a0\u00bb#ff3838&Prime; btn_radius=\u00a0\u00bb10&Prime;][\/vc_column][\/vc_row]<\/p>\n<\/section>","protected":false},"excerpt":{"rendered":"<p>[vc_row full_width=\u00a0\u00bbstretch_row\u00a0\u00bb el_class=\u00a0\u00bbwhat-we-do-page-main\u00a0\u00bb][vc_column][\/vc_column][\/vc_row][vc_row full_width=\u00a0\u00bbstretch_row_content_no_spaces\u00a0\u00bb equal_height=\u00a0\u00bbyes\u00a0\u00bb][vc_column width=\u00a0\u00bb1\/2&Prime; css=\u00a0\u00bb.vc_custom_1703868399635{background-image: url(https:\/\/transferingeneva.com\/wp-content\/uploads\/2023\/12\/airport-transfer-image2.jpg?id=12239) !important;}\u00a0\u00bb][\/vc_column][vc_column width=\u00a0\u00bb1\/2&Prime; el_class=\u00a0\u00bbtheme-column-style-1 theme-background-color-12&Prime;][vc_custom_heading text=\u00a0\u00bbTransferts A\u00e9roport Premium : Confort et Commodit\u00e9 Exceptionnels\u00a0\u00bb font_container=\u00a0\u00bbtag:h3|text_align:center\u00a0\u00bb use_theme_fonts=\u00a0\u00bbyes\u00a0\u00bb][vc_column_text] Bienvenue dans nos services de transfert a\u00e9roport, o\u00f9 la commodit\u00e9, le luxe et la tranquillit\u00e9 d&rsquo;esprit sont au premier plan de chaque voyage. Notre engagement envers l&rsquo;excellence se refl\u00e8te dans les avantages uniques [&#8230;]<\/p>\n","protected":false},"author":1,"featured_media":0,"parent":0,"menu_order":2,"comment_status":"closed","ping_status":"closed","template":"","meta":{"_joinchat":[],"footnotes":""},"class_list":["post-12729","page","type-page","status-publish","hentry"],"_links":{"self":[{"href":"https:\/\/transferingeneva.com\/fr\/wp-json\/wp\/v2\/pages\/12729","targetHints":{"allow":["GET"]}}],"collection":[{"href":"https:\/\/transferingeneva.com\/fr\/wp-json\/wp\/v2\/pages"}],"about":[{"href":"https:\/\/transferingeneva.com\/fr\/wp-json\/wp\/v2\/types\/page"}],"author":[{"embeddable":true,"href":"https:\/\/transferingeneva.com\/fr\/wp-json\/wp\/v2\/users\/1"}],"replies":[{"embeddable":true,"href":"https:\/\/transferingeneva.com\/fr\/wp-json\/wp\/v2\/comments?post=12729"}],"version-history":[{"count":27,"href":"https:\/\/transferingeneva.com\/fr\/wp-json\/wp\/v2\/pages\/12729\/revisions"}],"predecessor-version":[{"id":13489,"href":"https:\/\/transferingeneva.com\/fr\/wp-json\/wp\/v2\/pages\/12729\/revisions\/13489"}],"wp:attachment":[{"href":"https:\/\/transferingeneva.com\/fr\/wp-json\/wp\/v2\/media?parent=12729"}],"curies":[{"name":"wp","href":"https:\/\/api.w.org\/{rel}","templated":true}]}}